{"id":1761,"date":"2020-12-11T18:37:01","date_gmt":"2020-12-11T18:37:01","guid":{"rendered":"https:\/\/neu.meier-architektur.ch\/?page_id=1761"},"modified":"2020-12-11T18:43:45","modified_gmt":"2020-12-11T18:43:45","slug":"impressum","status":"publish","type":"page","link":"https:\/\/meier-architektur.ch\/index.php\/impressum\/","title":{"rendered":"impressum"},"content":{"rendered":"\t\t<div data-elementor-type=\"wp-page\" data-elementor-id=\"1761\" class=\"elementor elementor-1761\" data-elementor-post-type=\"page\">\n\t\t\t\t\t\t<section class=\"elementor-section elementor-top-section elementor-element elementor-element-a33434b elementor-section-boxed elementor-section-height-default elementor-section-height-default\" data-id=\"a33434b\" data-element_type=\"section\" data-e-type=\"section\">\n\t\t\t\t\t\t<div class=\"elementor-container elementor-column-gap-default\">\n\t\t\t\t\t<div class=\"elementor-column elementor-col-100 elementor-top-column elementor-element elementor-element-1ae9652\" data-id=\"1ae9652\" data-element_type=\"column\" data-e-type=\"column\">\n\t\t\t<div class=\"elementor-widget-wrap elementor-element-populated\">\n\t\t\t\t\t\t<div class=\"elementor-element elementor-element-51721eb elementor-widget elementor-widget-heading\" data-id=\"51721eb\" data-element_type=\"widget\" data-e-type=\"widget\" data-widget_type=\"heading.default\">\n\t\t\t\t<div class=\"elementor-widget-container\">\n\t\t\t\t\t<h2 class=\"elementor-heading-title elementor-size-default\">Impressum<\/h2>\t\t\t\t<\/div>\n\t\t\t\t<\/div>\n\t\t\t\t\t<\/div>\n\t\t<\/div>\n\t\t\t\t\t<\/div>\n\t\t<\/section>\n\t\t\t\t<section class=\"elementor-section elementor-top-section elementor-element elementor-element-9fd4b65 elementor-section-boxed elementor-section-height-default elementor-section-height-default\" data-id=\"9fd4b65\" data-element_type=\"section\" data-e-type=\"section\">\n\t\t\t\t\t\t<div class=\"elementor-container elementor-column-gap-default\">\n\t\t\t\t\t<div class=\"elementor-column elementor-col-100 elementor-top-column elementor-element elementor-element-24526e0\" data-id=\"24526e0\" data-element_type=\"column\" data-e-type=\"column\">\n\t\t\t<div class=\"elementor-widget-wrap elementor-element-populated\">\n\t\t\t\t\t\t<div class=\"elementor-element elementor-element-5d18dec elementor-widget elementor-widget-text-editor\" data-id=\"5d18dec\" data-element_type=\"widget\" data-e-type=\"widget\" data-widget_type=\"text-editor.default\">\n\t\t\t\t<div class=\"elementor-widget-container\">\n\t\t\t\t\t\t\t\t\t<p><b>Impressum:<\/b><\/p><p><b>Kontakt-Adresse<\/b><\/p><p>Christoph Meier Architektur<br \/>Zeughausstrasse 16<br \/>8500 Frauenfel<br \/>E-Mail: info@meier-architektur.ch<\/p><p><b>Webprogrammierung<\/b><\/p><p>digiplus Webmarketing Agentur<br \/>Postfach 13\u00a0<br \/>9240 Uzwil<\/p><p>\u00a0<\/p><p><b>Vertretungsberechtigte Person(en)<\/b><\/p><p>Christoph Meier, <br \/>Inhaber<\/p><p>\u00a0<\/p><p>\u00a0<\/p><p><b>Haftungsausschluss<\/b><\/p><p>Der Autor \u00fcbernimmt keinerlei Gew\u00e4hr hinsichtlich der inhaltlichen Richtigkeit, Genauigkeit, Aktualit\u00e4t, Zuverl\u00e4ssigkeit und Vollst\u00e4ndigkeit der Informationen.<\/p><p>Haftungsanspr\u00fcche gegen den Autor wegen Sch\u00e4den materieller oder immaterieller Art, welche aus dem Zugriff oder der Nutzung bzw. Nichtnutzung der ver\u00f6ffentlichten Informationen, durch Missbrauch der Verbindung oder durch technische St\u00f6rungen entstanden sind, werden ausgeschlossen.<\/p><p>Alle Angebote sind unverbindlich. Der Autor beh\u00e4lt es sich ausdr\u00fccklich vor, Teile der Seiten oder das gesamte Angebot ohne besondere Ank\u00fcndigung zu ver\u00e4ndern, zu erg\u00e4nzen, zu l\u00f6schen oder die Ver\u00f6ffentlichung zeitweise oder endg\u00fcltig einzustellen.<\/p><p><b>Haftungsausschluss f\u00fcr Links<\/b><\/p><p>Verweise und Links auf Webseiten Dritter liegen ausserhalb unseres Verantwortungsbereichs. Es wird jegliche Verantwortung f\u00fcr solche Webseiten abgelehnt. Der Zugriff und die Nutzung solcher Webseiten erfolgen auf eigene Gefahr des jeweiligen Nutzers.<\/p><p><b>Urheberrechte<\/b><\/p><p>Die Urheber- und alle anderen Rechte an Inhalten, Bildern, Fotos oder anderen Dateien auf dieser Website, geh\u00f6ren ausschliesslich <b>der Firma Rickenbach AG<\/b> oder den speziell genannten Rechteinhabern. F\u00fcr die Reproduktion jeglicher Elemente ist die schriftliche Zustimmung des Urheberrechtstr\u00e4gers im Voraus einzuholen.<\/p><p>\u00a0<\/p><p>Frauenfeld, 11.12.2020<\/p>\t\t\t\t\t\t\t\t<\/div>\n\t\t\t\t<\/div>\n\t\t\t\t\t<\/div>\n\t\t<\/div>\n\t\t\t\t\t<\/div>\n\t\t<\/section>\n\t\t\t\t<\/div>\n\t\t","protected":false},"excerpt":{"rendered":"<p>Impressum Impressum: Kontakt-Adresse Christoph Meier ArchitekturZeughausstrasse 168500 FrauenfelE-Mail: info@meier-architektur.ch Webprogrammierung digiplus Webmarketing AgenturPostfach 13\u00a09240 Uzwil \u00a0 Vertretungsberechtigte Person(en) Christoph Meier, Inhaber \u00a0 \u00a0 Haftungsausschluss Der Autor \u00fcbernimmt keinerlei Gew\u00e4hr hinsichtlich der inhaltlichen Richtigkeit, Genauigkeit, Aktualit\u00e4t, Zuverl\u00e4ssigkeit und Vollst\u00e4ndigkeit der Informationen. Haftungsanspr\u00fcche gegen den Autor wegen Sch\u00e4den materieller oder immaterieller Art, welche aus dem Zugriff oder [&hellip;]<\/p>\n","protected":false},"author":1,"featured_media":0,"parent":0,"menu_order":0,"comment_status":"closed","ping_status":"open","template":"","meta":{"_uag_custom_page_level_css":"","site-sidebar-layout":"no-sidebar","site-content-layout":"page-builder","ast-site-content-layout":"default","site-content-style":"default","site-sidebar-style":"default","ast-global-header-display":"","ast-banner-title-visibility":"","ast-main-header-display":"","ast-hfb-above-header-display":"","ast-hfb-below-header-display":"","ast-hfb-mobile-header-display":"","site-post-title":"disabled","ast-breadcrumbs-content":"","ast-featured-img":"disabled","footer-sml-layout":"","ast-disable-related-posts":"","theme-transparent-header-meta":"default","adv-header-id-meta":"","stick-header-meta":"default","header-above-stick-meta":"","header-main-stick-meta":"","header-below-stick-meta":"","astra-migrate-meta-layouts":"default","ast-page-background-enabled":"default","ast-page-background-meta":{"desktop":{"background-color":"","background-image":"","background-repeat":"repeat","background-position":"center center","background-size":"auto","background-attachment":"scroll","background-type":"","background-media":"","overlay-type":"","overlay-color":"","overlay-opacity":"","overlay-gradient":""},"tablet":{"background-color":"","background-image":"","background-repeat":"repeat","background-position":"center center","background-size":"auto","background-attachment":"scroll","background-type":"","background-media":"","overlay-type":"","overlay-color":"","overlay-opacity":"","overlay-gradient":""},"mobile":{"background-color":"","background-image":"","background-repeat":"repeat","background-position":"center center","background-size":"auto","background-attachment":"scroll","background-type":"","background-media":"","overlay-type":"","overlay-color":"","overlay-opacity":"","overlay-gradient":""}},"ast-content-background-meta":{"desktop":{"background-color":"var(--ast-global-color-5)","background-image":"","background-repeat":"repeat","background-position":"center center","background-size":"auto","background-attachment":"scroll","background-type":"","background-media":"","overlay-type":"","overlay-color":"","overlay-opacity":"","overlay-gradient":""},"tablet":{"background-color":"var(--ast-global-color-5)","background-image":"","background-repeat":"repeat","background-position":"center center","background-size":"auto","background-attachment":"scroll","background-type":"","background-media":"","overlay-type":"","overlay-color":"","overlay-opacity":"","overlay-gradient":""},"mobile":{"background-color":"var(--ast-global-color-5)","background-image":"","background-repeat":"repeat","background-position":"center center","background-size":"auto","background-attachment":"scroll","background-type":"","background-media":"","overlay-type":"","overlay-color":"","overlay-opacity":"","overlay-gradient":""}},"footnotes":""},"class_list":["post-1761","page","type-page","status-publish","hentry"],"yoast_head":"<!-- This site is optimized with the Yoast SEO plugin v27.4 - https:\/\/yoast.com\/product\/yoast-seo-wordpress\/ -->\n<title>impressum - Meier Architektur Frauenfeld<\/title>\n<meta name=\"robots\" content=\"index, follow, max-snippet:-1, max-image-preview:large, max-video-preview:-1\" \/>\n<link rel=\"canonical\" href=\"https:\/\/meier-architektur.ch\/index.php\/impressum\/\" \/>\n<meta property=\"og:locale\" content=\"de_DE\" \/>\n<meta property=\"og:type\" content=\"article\" \/>\n<meta property=\"og:title\" content=\"impressum - Meier Architektur Frauenfeld\" \/>\n<meta property=\"og:description\" content=\"Impressum Impressum: Kontakt-Adresse Christoph Meier ArchitekturZeughausstrasse 168500 FrauenfelE-Mail: info@meier-architektur.ch Webprogrammierung digiplus Webmarketing AgenturPostfach 13\u00a09240 Uzwil \u00a0 Vertretungsberechtigte Person(en) Christoph Meier, Inhaber \u00a0 \u00a0 Haftungsausschluss Der Autor \u00fcbernimmt keinerlei Gew\u00e4hr hinsichtlich der inhaltlichen Richtigkeit, Genauigkeit, Aktualit\u00e4t, Zuverl\u00e4ssigkeit und Vollst\u00e4ndigkeit der Informationen. Haftungsanspr\u00fcche gegen den Autor wegen Sch\u00e4den materieller oder immaterieller Art, welche aus dem Zugriff oder [&hellip;]\" \/>\n<meta property=\"og:url\" content=\"https:\/\/meier-architektur.ch\/index.php\/impressum\/\" \/>\n<meta property=\"og:site_name\" content=\"Meier Architektur Frauenfeld\" \/>\n<meta property=\"article:modified_time\" content=\"2020-12-11T18:43:45+00:00\" \/>\n<meta name=\"twitter:card\" content=\"summary_large_image\" \/>\n<meta name=\"twitter:label1\" content=\"Gesch\u00e4tzte Lesezeit\" \/>\n\t<meta name=\"twitter:data1\" content=\"1\u00a0Minute\" \/>\n<script type=\"application\/ld+json\" class=\"yoast-schema-graph\">{\"@context\":\"https:\\\/\\\/schema.org\",\"@graph\":[{\"@type\":\"WebPage\",\"@id\":\"https:\\\/\\\/meier-architektur.ch\\\/index.php\\\/impressum\\\/\",\"url\":\"https:\\\/\\\/meier-architektur.ch\\\/index.php\\\/impressum\\\/\",\"name\":\"impressum - Meier Architektur Frauenfeld\",\"isPartOf\":{\"@id\":\"https:\\\/\\\/meier-architektur.ch\\\/#website\"},\"datePublished\":\"2020-12-11T18:37:01+00:00\",\"dateModified\":\"2020-12-11T18:43:45+00:00\",\"breadcrumb\":{\"@id\":\"https:\\\/\\\/meier-architektur.ch\\\/index.php\\\/impressum\\\/#breadcrumb\"},\"inLanguage\":\"de\",\"potentialAction\":[{\"@type\":\"ReadAction\",\"target\":[\"https:\\\/\\\/meier-architektur.ch\\\/index.php\\\/impressum\\\/\"]}]},{\"@type\":\"BreadcrumbList\",\"@id\":\"https:\\\/\\\/meier-architektur.ch\\\/index.php\\\/impressum\\\/#breadcrumb\",\"itemListElement\":[{\"@type\":\"ListItem\",\"position\":1,\"name\":\"Home\",\"item\":\"https:\\\/\\\/meier-architektur.ch\\\/\"},{\"@type\":\"ListItem\",\"position\":2,\"name\":\"impressum\"}]},{\"@type\":\"WebSite\",\"@id\":\"https:\\\/\\\/meier-architektur.ch\\\/#website\",\"url\":\"https:\\\/\\\/meier-architektur.ch\\\/\",\"name\":\"Meier Architektur Frauenfeld\",\"description\":\"Architekturb\u00fcro Christoph Meier Frauenfeld\",\"publisher\":{\"@id\":\"https:\\\/\\\/meier-architektur.ch\\\/#organization\"},\"potentialAction\":[{\"@type\":\"SearchAction\",\"target\":{\"@type\":\"EntryPoint\",\"urlTemplate\":\"https:\\\/\\\/meier-architektur.ch\\\/?s={search_term_string}\"},\"query-input\":{\"@type\":\"PropertyValueSpecification\",\"valueRequired\":true,\"valueName\":\"search_term_string\"}}],\"inLanguage\":\"de\"},{\"@type\":\"Organization\",\"@id\":\"https:\\\/\\\/meier-architektur.ch\\\/#organization\",\"name\":\"Meier Architektur Frauenfeld\",\"url\":\"https:\\\/\\\/meier-architektur.ch\\\/\",\"logo\":{\"@type\":\"ImageObject\",\"inLanguage\":\"de\",\"@id\":\"https:\\\/\\\/meier-architektur.ch\\\/#\\\/schema\\\/logo\\\/image\\\/\",\"url\":\"https:\\\/\\\/meier-architektur.ch\\\/wp-content\\\/uploads\\\/2016\\\/04\\\/cropped-meier-architektur-logo_k.fw_.png\",\"contentUrl\":\"https:\\\/\\\/meier-architektur.ch\\\/wp-content\\\/uploads\\\/2016\\\/04\\\/cropped-meier-architektur-logo_k.fw_.png\",\"width\":230,\"height\":30,\"caption\":\"Meier Architektur Frauenfeld\"},\"image\":{\"@id\":\"https:\\\/\\\/meier-architektur.ch\\\/#\\\/schema\\\/logo\\\/image\\\/\"}}]}<\/script>\n<!-- \/ Yoast SEO plugin. -->","yoast_head_json":{"title":"impressum - Meier Architektur Frauenfeld","robots":{"index":"index","follow":"follow","max-snippet":"max-snippet:-1","max-image-preview":"max-image-preview:large","max-video-preview":"max-video-preview:-1"},"canonical":"https:\/\/meier-architektur.ch\/index.php\/impressum\/","og_locale":"de_DE","og_type":"article","og_title":"impressum - Meier Architektur Frauenfeld","og_description":"Impressum Impressum: Kontakt-Adresse Christoph Meier ArchitekturZeughausstrasse 168500 FrauenfelE-Mail: info@meier-architektur.ch Webprogrammierung digiplus Webmarketing AgenturPostfach 13\u00a09240 Uzwil \u00a0 Vertretungsberechtigte Person(en) Christoph Meier, Inhaber \u00a0 \u00a0 Haftungsausschluss Der Autor \u00fcbernimmt keinerlei Gew\u00e4hr hinsichtlich der inhaltlichen Richtigkeit, Genauigkeit, Aktualit\u00e4t, Zuverl\u00e4ssigkeit und Vollst\u00e4ndigkeit der Informationen. Haftungsanspr\u00fcche gegen den Autor wegen Sch\u00e4den materieller oder immaterieller Art, welche aus dem Zugriff oder [&hellip;]","og_url":"https:\/\/meier-architektur.ch\/index.php\/impressum\/","og_site_name":"Meier Architektur Frauenfeld","article_modified_time":"2020-12-11T18:43:45+00:00","twitter_card":"summary_large_image","twitter_misc":{"Gesch\u00e4tzte Lesezeit":"1\u00a0Minute"},"schema":{"@context":"https:\/\/schema.org","@graph":[{"@type":"WebPage","@id":"https:\/\/meier-architektur.ch\/index.php\/impressum\/","url":"https:\/\/meier-architektur.ch\/index.php\/impressum\/","name":"impressum - Meier Architektur Frauenfeld","isPartOf":{"@id":"https:\/\/meier-architektur.ch\/#website"},"datePublished":"2020-12-11T18:37:01+00:00","dateModified":"2020-12-11T18:43:45+00:00","breadcrumb":{"@id":"https:\/\/meier-architektur.ch\/index.php\/impressum\/#breadcrumb"},"inLanguage":"de","potentialAction":[{"@type":"ReadAction","target":["https:\/\/meier-architektur.ch\/index.php\/impressum\/"]}]},{"@type":"BreadcrumbList","@id":"https:\/\/meier-architektur.ch\/index.php\/impressum\/#breadcrumb","itemListElement":[{"@type":"ListItem","position":1,"name":"Home","item":"https:\/\/meier-architektur.ch\/"},{"@type":"ListItem","position":2,"name":"impressum"}]},{"@type":"WebSite","@id":"https:\/\/meier-architektur.ch\/#website","url":"https:\/\/meier-architektur.ch\/","name":"Meier Architektur Frauenfeld","description":"Architekturb\u00fcro Christoph Meier Frauenfeld","publisher":{"@id":"https:\/\/meier-architektur.ch\/#organization"},"potentialAction":[{"@type":"SearchAction","target":{"@type":"EntryPoint","urlTemplate":"https:\/\/meier-architektur.ch\/?s={search_term_string}"},"query-input":{"@type":"PropertyValueSpecification","valueRequired":true,"valueName":"search_term_string"}}],"inLanguage":"de"},{"@type":"Organization","@id":"https:\/\/meier-architektur.ch\/#organization","name":"Meier Architektur Frauenfeld","url":"https:\/\/meier-architektur.ch\/","logo":{"@type":"ImageObject","inLanguage":"de","@id":"https:\/\/meier-architektur.ch\/#\/schema\/logo\/image\/","url":"https:\/\/meier-architektur.ch\/wp-content\/uploads\/2016\/04\/cropped-meier-architektur-logo_k.fw_.png","contentUrl":"https:\/\/meier-architektur.ch\/wp-content\/uploads\/2016\/04\/cropped-meier-architektur-logo_k.fw_.png","width":230,"height":30,"caption":"Meier Architektur Frauenfeld"},"image":{"@id":"https:\/\/meier-architektur.ch\/#\/schema\/logo\/image\/"}}]}},"uagb_featured_image_src":{"full":false,"thumbnail":false,"medium":false,"medium_large":false,"large":false,"1536x1536":false,"2048x2048":false},"uagb_author_info":{"display_name":"admin","author_link":"https:\/\/meier-architektur.ch\/index.php\/author\/digiplus\/"},"uagb_comment_info":0,"uagb_excerpt":"Impressum Impressum: Kontakt-Adresse Christoph Meier ArchitekturZeughausstrasse 168500 FrauenfelE-Mail: info@meier-architektur.ch Webprogrammierung digiplus Webmarketing AgenturPostfach 13\u00a09240 Uzwil \u00a0 Vertretungsberechtigte Person(en) Christoph Meier, Inhaber \u00a0 \u00a0 Haftungsausschluss Der Autor \u00fcbernimmt keinerlei Gew\u00e4hr hinsichtlich der inhaltlichen Richtigkeit, Genauigkeit, Aktualit\u00e4t, Zuverl\u00e4ssigkeit und Vollst\u00e4ndigkeit der Informationen. Haftungsanspr\u00fcche gegen den Autor wegen Sch\u00e4den materieller oder immaterieller Art, welche aus dem Zugriff oder&hellip;","_links":{"self":[{"href":"https:\/\/meier-architektur.ch\/index.php\/wp-json\/wp\/v2\/pages\/1761","targetHints":{"allow":["GET"]}}],"collection":[{"href":"https:\/\/meier-architektur.ch\/index.php\/wp-json\/wp\/v2\/pages"}],"about":[{"href":"https:\/\/meier-architektur.ch\/index.php\/wp-json\/wp\/v2\/types\/page"}],"author":[{"embeddable":true,"href":"https:\/\/meier-architektur.ch\/index.php\/wp-json\/wp\/v2\/users\/1"}],"replies":[{"embeddable":true,"href":"https:\/\/meier-architektur.ch\/index.php\/wp-json\/wp\/v2\/comments?post=1761"}],"version-history":[{"count":4,"href":"https:\/\/meier-architektur.ch\/index.php\/wp-json\/wp\/v2\/pages\/1761\/revisions"}],"predecessor-version":[{"id":1766,"href":"https:\/\/meier-architektur.ch\/index.php\/wp-json\/wp\/v2\/pages\/1761\/revisions\/1766"}],"wp:attachment":[{"href":"https:\/\/meier-architektur.ch\/index.php\/wp-json\/wp\/v2\/media?parent=1761"}],"curies":[{"name":"wp","href":"https:\/\/api.w.org\/{rel}","templated":true}]}}